{"id":5376,"date":"2022-07-19T22:31:50","date_gmt":"2022-07-19T19:31:50","guid":{"rendered":"http:\/\/miglen.lt\/?page_id=5376"},"modified":"2022-09-15T18:57:34","modified_gmt":"2022-09-15T15:57:34","slug":"kaina","status":"publish","type":"page","link":"https:\/\/miglen.lt\/ru\/kaina\/","title":{"rendered":"\u0426\u0435\u043d\u0430"},"content":{"rendered":"<div data-elementor-type=\"wp-page\" data-elementor-id=\"5376\" class=\"elementor elementor-5376\">\n\t\t\t\t\t\t<section class=\"elementor-section elementor-top-section elementor-element elementor-element-2c4e984 elementor-section-content-middle elementor-section-height-min-height elementor-section-boxed elementor-section-height-default elementor-section-items-middle mkdf-parallax-row-no mkdf-content-aligment-left mkdf-row-grid-no mkdf-disabled-bg-image-bellow-no\" data-id=\"2c4e984\" data-element_type=\"section\" data-settings=\"{&quot;background_background&quot;:&quot;classic&quot;}\">\n\t\t\t\t\t\t\t<div class=\"elementor-background-overlay\"><\/div>\n\t\t\t\t\t\t\t<div class=\"elementor-container elementor-column-gap-wider\">\n\t\t\t\t\t<div class=\"elementor-column elementor-col-100 elementor-top-column elementor-element elementor-element-58aff125\" data-id=\"58aff125\" data-element_type=\"column\">\n\t\t\t<div class=\"elementor-widget-wrap elementor-element-populated\">\n\t\t\t\t\t<div class=\"elementor-background-overlay\"><\/div>\n\t\t\t\t\t\t<section class=\"elementor-section elementor-inner-section elementor-element elementor-element-9254a7d elementor-section-boxed elementor-section-height-default elementor-section-height-default mkdf-parallax-row-no mkdf-content-aligment-left mkdf-row-grid-no mkdf-disabled-bg-image-bellow-no\" data-id=\"9254a7d\" data-element_type=\"section\">\n\t\t\t\t\t\t<div class=\"elementor-container elementor-column-gap-default\">\n\t\t\t\t\t<div class=\"elementor-column elementor-col-100 elementor-inner-column elementor-element elementor-element-337efa2f\" data-id=\"337efa2f\" data-element_type=\"column\">\n\t\t\t<div class=\"elementor-widget-wrap elementor-element-populated\">\n\t\t\t\t\t\t<div class=\"elementor-element elementor-element-5fbb9323 elementor-widget elementor-widget-mkdf_section_title\" data-id=\"5fbb9323\" data-element_type=\"widget\" data-widget_type=\"mkdf_section_title.default\">\n\t\t\t\t<div class=\"elementor-widget-container\">\n\t\t\t\t\t<div class=\"mkdf-section-title-holder  mkdf-st-top-tagline-position\" >\n\t<div class=\"mkdf-st-inner\">\n\t\t\t\t\t\t\t<span class=\"mkdf-st-tagline\" >\n\t\t\t\t\u0426\u0435\u043d\u0430\t\t\t<\/span>\n\t\t\t\t\t\t\t<h2 class=\"mkdf-st-title\" style=\"color: #FFFFFF\">\n\t\t\t\t\u0426\u0435\u043d\u043e\u043e\u0431\u0440\u0430\u0437\u043e\u0432\u0430\u043d\u0438\u0435 \u0443\u0441\u043b\u0443\u0433\t\t\t<\/h2>\n\t\t\t\t\t\t\t\t\t\t\t\t\t<\/div>\n<\/div>\t\t\t\t<\/div>\n\t\t\t\t<\/div>\n\t\t\t\t\t<\/div>\n\t\t<\/div>\n\t\t\t\t\t<\/div>\n\t\t<\/section>\n\t\t\t\t\t<\/div>\n\t\t<\/div>\n\t\t\t\t\t<\/div>\n\t\t<\/section>\n\t\t\t\t<section class=\"elementor-section elementor-top-section elementor-element elementor-element-850d12b elementor-section-boxed elementor-section-height-default elementor-section-height-default mkdf-parallax-row-no mkdf-content-aligment-left mkdf-row-grid-no mkdf-disabled-bg-image-bellow-no\" data-id=\"850d12b\" data-element_type=\"section\">\n\t\t\t\t\t\t<div class=\"elementor-container elementor-column-gap-default\">\n\t\t\t\t\t<div class=\"elementor-column elementor-col-100 elementor-top-column elementor-element elementor-element-9b86175\" data-id=\"9b86175\" data-element_type=\"column\">\n\t\t\t<div class=\"elementor-widget-wrap elementor-element-populated\">\n\t\t\t\t\t\t<div class=\"elementor-element elementor-element-c3c583d elementor-widget elementor-widget-mkdf_section_title\" data-id=\"c3c583d\" data-element_type=\"widget\" data-widget_type=\"mkdf_section_title.default\">\n\t\t\t\t<div class=\"elementor-widget-container\">\n\t\t\t\t\t<div class=\"mkdf-section-title-holder  mkdf-st-top-tagline-position mkdf-st-center-position\" style=\"text-align: center\">\n\t<div class=\"mkdf-st-inner\">\n\t\t\t\t\t\t\t<span class=\"mkdf-st-tagline\" style=\"color: #02010124\">\n\t\t\t\t\u0426\u0435\u043d\u0430\t\t\t<\/span>\n\t\t\t\t\t\t\t<h2 class=\"mkdf-st-title\" >\n\t\t\t\t\u0414\u043e\u043b\u0433\u043e\u0432\u0435\u0447\u043d\u044b\u0439 \u043c\u0430\u043a\u0438\u044f\u0436 \u0434\u043b\u044f \u0433\u0443\u0431\t\t\t<\/h2>\n\t\t\t\t\t\t\t\t\t\t\t\t\t<\/div>\n<\/div>\t\t\t\t<\/div>\n\t\t\t\t<\/div>\n\t\t\t\t<div class=\"elementor-element elementor-element-cd0d0ef elementor-widget elementor-widget-mkdf_pricing_table\" data-id=\"cd0d0ef\" data-element_type=\"widget\" data-widget_type=\"mkdf_pricing_table.default\">\n\t\t\t\t<div class=\"elementor-widget-container\">\n\t\t\t\t\t\n        <div class=\"mkdf-pricing-tables mkdf-grid-list mkdf-disable-bottom-space clearfix mkdf-three-columns mkdf-normal-space\">\n            <div class=\"mkdf-pt-wrapper mkdf-outer-space\">\n\n                <div class=\"mkdf-price-table mkdf-item-space\">\n\t<div class=\"mkdf-pt-inner\" >\n\t\t<ul>\n\t\t\t<li class=\"mkdf-pt-title-holder\">\n\t\t\t\t<span class=\"mkdf-pt-title\" >\u0414\u043e\u043b\u0433\u043e\u0432\u0435\u0447\u043d\u044b\u0439 \u043c\u0430\u043a\u0438\u044f\u0436 \u0434\u043b\u044f \u0433\u0443\u0431<\/span>\n\t\t\t<\/li>\n\t\t\t<li class=\"mkdf-pt-prices\">\n\t\t\t\t<span class=\"mkdf-pt-value\" >\u20ac<\/span>\n\t\t\t\t<span class=\"mkdf-pt-price\" >250<\/span>\n\t\t\t\t<span class=\"mkdf-pt-mark\" >\u041c\u0430\u0441\u0442\u0435\u0440 \u041c\u0438\u0433\u043b\u0435<\/span>\n\t\t\t<\/li>\n\t\t\t<li class=\"mkdf-pt-content\">\n\t\t\t\t\t\t\t<\/li>\n\t\t\t\t\t\t\t<li class=\"mkdf-pt-button\">\n\t\t\t\t\t<a itemprop=\"url\" href=\"https:\/\/miglen.lt\/ru\/kontaktai\/\" target=\"_self\"  class=\"mkdf-btn mkdf-btn-large mkdf-btn-outline mkdf-btn-with-prefix\"  >    <span class=\"mkdf-btn-text\">\u0417\u0430\u0440\u0435\u0433\u0438\u0441\u0442\u0440\u0438\u0440\u0443\u0439\u0442\u0435\u0441\u044c \u043d\u0430 \u0441\u0430\u0439\u0442\u0435<\/span>    <\/a>\t\t\t\t<\/li>\n\t\t\t\t\t\t<li class=\"mkdf-pt-active-content\">\n\t\t\t\t<span class=\"mkdf-pt-active-text\"><\/span>\n\t\t\t<\/li>\n\t\t<\/ul>\n\t<\/div>\n<\/div><div class=\"mkdf-price-table mkdf-item-space\">\n\t<div class=\"mkdf-pt-inner\" >\n\t\t<ul>\n\t\t\t<li class=\"mkdf-pt-title-holder\">\n\t\t\t\t<span class=\"mkdf-pt-title\" >\u0418\u0441\u043f\u0440\u0430\u0432\u0438\u0442\u0435\u043b\u044c\u043d\u044b\u0435 \u0443\u0447\u0440\u0435\u0436\u0434\u0435\u043d\u0438\u044f<\/span>\n\t\t\t<\/li>\n\t\t\t<li class=\"mkdf-pt-prices\">\n\t\t\t\t<span class=\"mkdf-pt-value\" >\u20ac<\/span>\n\t\t\t\t<span class=\"mkdf-pt-price\" >70-100<\/span>\n\t\t\t\t<span class=\"mkdf-pt-mark\" ><\/span>\n\t\t\t<\/li>\n\t\t\t<li class=\"mkdf-pt-content\">\n\t\t\t\t<ul><li>\u0414\u043e 3 \u043c\u0435\u0441\u044f\u0446\u0435\u0432 70 \u20ac<\/li><li>\u0414\u043e 3-6 \u043c\u0435\u0441\u044f\u0446\u0435\u0432 90 \u20ac<\/li><li>\u0414\u043e 6-12 \u043c\u0435\u0441\u044f\u0446\u0435\u0432 100 \u20ac<\/li><\/ul>\t\t\t<\/li>\n\t\t\t\t\t\t\t<li class=\"mkdf-pt-button\">\n\t\t\t\t\t<a itemprop=\"url\" href=\"https:\/\/miglen.lt\/ru\/kontaktai\/\" target=\"_self\"  class=\"mkdf-btn mkdf-btn-large mkdf-btn-outline mkdf-btn-with-prefix\"  >    <span class=\"mkdf-btn-text\">\u0417\u0430\u0440\u0435\u0433\u0438\u0441\u0442\u0440\u0438\u0440\u0443\u0439\u0442\u0435\u0441\u044c \u043d\u0430 \u0441\u0430\u0439\u0442\u0435<\/span>    <\/a>\t\t\t\t<\/li>\n\t\t\t\t\t\t<li class=\"mkdf-pt-active-content\">\n\t\t\t\t<span class=\"mkdf-pt-active-text\"><\/span>\n\t\t\t<\/li>\n\t\t<\/ul>\n\t<\/div>\n<\/div><div class=\"mkdf-price-table mkdf-item-space\">\n\t<div class=\"mkdf-pt-inner\" >\n\t\t<ul>\n\t\t\t<li class=\"mkdf-pt-title-holder\">\n\t\t\t\t<span class=\"mkdf-pt-title\" >\u0414\u043e\u043b\u0433\u043e\u0432\u0435\u0447\u043d\u044b\u0439 \u043c\u0430\u043a\u0438\u044f\u0436 \u0434\u043b\u044f \u0433\u0443\u0431<\/span>\n\t\t\t<\/li>\n\t\t\t<li class=\"mkdf-pt-prices\">\n\t\t\t\t<span class=\"mkdf-pt-value\" >\u20ac<\/span>\n\t\t\t\t<span class=\"mkdf-pt-price\" >160<\/span>\n\t\t\t\t<span class=\"mkdf-pt-mark\" >\u041c\u0430\u0441\u0442\u0435\u0440 \u0413\u0430\u0431\u0440\u0438\u044d\u043b\u044c<\/span>\n\t\t\t<\/li>\n\t\t\t<li class=\"mkdf-pt-content\">\n\t\t\t\t\t\t\t<\/li>\n\t\t\t\t\t\t\t<li class=\"mkdf-pt-button\">\n\t\t\t\t\t<a itemprop=\"url\" href=\"https:\/\/miglen.lt\/ru\/kontaktai\/\" target=\"_self\"  class=\"mkdf-btn mkdf-btn-large mkdf-btn-outline mkdf-btn-with-prefix\"  >    <span class=\"mkdf-btn-text\">\u0417\u0430\u0440\u0435\u0433\u0438\u0441\u0442\u0440\u0438\u0440\u0443\u0439\u0442\u0435\u0441\u044c \u043d\u0430 \u0441\u0430\u0439\u0442\u0435<\/span>    <\/a>\t\t\t\t<\/li>\n\t\t\t\t\t\t<li class=\"mkdf-pt-active-content\">\n\t\t\t\t<span class=\"mkdf-pt-active-text\"><\/span>\n\t\t\t<\/li>\n\t\t<\/ul>\n\t<\/div>\n<\/div>\n            <\/div>\n        <\/div>\n\n        \t\t\t\t<\/div>\n\t\t\t\t<\/div>\n\t\t\t\t\t<\/div>\n\t\t<\/div>\n\t\t\t\t\t<\/div>\n\t\t<\/section>\n\t\t\t\t<section class=\"elementor-section elementor-top-section elementor-element elementor-element-cf64075 elementor-section-boxed elementor-section-height-default elementor-section-height-default mkdf-parallax-row-no mkdf-content-aligment-left mkdf-row-grid-no mkdf-disabled-bg-image-bellow-no\" data-id=\"cf64075\" data-element_type=\"section\">\n\t\t\t\t\t\t<div class=\"elementor-container elementor-column-gap-default\">\n\t\t\t\t\t<div class=\"elementor-column elementor-col-100 elementor-top-column elementor-element elementor-element-099b719\" data-id=\"099b719\" data-element_type=\"column\">\n\t\t\t<div class=\"elementor-widget-wrap\">\n\t\t\t\t\t\t\t<\/div>\n\t\t<\/div>\n\t\t\t\t\t<\/div>\n\t\t<\/section>\n\t\t\t\t<section class=\"elementor-section elementor-top-section elementor-element elementor-element-2c46e5b elementor-section-boxed elementor-section-height-default elementor-section-height-default mkdf-parallax-row-no mkdf-content-aligment-left mkdf-row-grid-no mkdf-disabled-bg-image-bellow-no\" data-id=\"2c46e5b\" data-element_type=\"section\">\n\t\t\t\t\t\t<div class=\"elementor-container elementor-column-gap-default\">\n\t\t\t\t\t<div class=\"elementor-column elementor-col-100 elementor-top-column elementor-element elementor-element-a1eb2c3\" data-id=\"a1eb2c3\" data-element_type=\"column\">\n\t\t\t<div class=\"elementor-widget-wrap elementor-element-populated\">\n\t\t\t\t\t\t<div class=\"elementor-element elementor-element-840c790 elementor-widget elementor-widget-mkdf_section_title\" data-id=\"840c790\" data-element_type=\"widget\" data-widget_type=\"mkdf_section_title.default\">\n\t\t\t\t<div class=\"elementor-widget-container\">\n\t\t\t\t\t<div class=\"mkdf-section-title-holder  mkdf-st-top-tagline-position mkdf-st-center-position\" style=\"text-align: center\">\n\t<div class=\"mkdf-st-inner\">\n\t\t\t\t\t\t\t<span class=\"mkdf-st-tagline\" style=\"color: #02010124\">\n\t\t\t\t\u0426\u0435\u043d\u0430\t\t\t<\/span>\n\t\t\t\t\t\t\t<h2 class=\"mkdf-st-title\" >\n\t\t\t\t\u041f\u0435\u0440\u043c\u0430\u043d\u0435\u043d\u0442\u043d\u044b\u0439 \u043c\u0430\u043a\u0438\u044f\u0436 \u0431\u0440\u043e\u0432\u0435\u0439\t\t\t<\/h2>\n\t\t\t\t\t\t\t\t\t\t\t\t\t<\/div>\n<\/div>\t\t\t\t<\/div>\n\t\t\t\t<\/div>\n\t\t\t\t<div class=\"elementor-element elementor-element-55cff57 elementor-widget elementor-widget-mkdf_pricing_table\" data-id=\"55cff57\" data-element_type=\"widget\" data-widget_type=\"mkdf_pricing_table.default\">\n\t\t\t\t<div class=\"elementor-widget-container\">\n\t\t\t\t\t\n        <div class=\"mkdf-pricing-tables mkdf-grid-list mkdf-disable-bottom-space clearfix mkdf-three-columns mkdf-normal-space\">\n            <div class=\"mkdf-pt-wrapper mkdf-outer-space\">\n\n                <div class=\"mkdf-price-table mkdf-item-space\">\n\t<div class=\"mkdf-pt-inner\" >\n\t\t<ul>\n\t\t\t<li class=\"mkdf-pt-title-holder\">\n\t\t\t\t<span class=\"mkdf-pt-title\" >\u041f\u0435\u0440\u043c\u0430\u043d\u0435\u043d\u0442\u043d\u044b\u0439 \u043c\u0430\u043a\u0438\u044f\u0436 \u0431\u0440\u043e\u0432\u0435\u0439<\/span>\n\t\t\t<\/li>\n\t\t\t<li class=\"mkdf-pt-prices\">\n\t\t\t\t<span class=\"mkdf-pt-value\" >\u20ac<\/span>\n\t\t\t\t<span class=\"mkdf-pt-price\" >250<\/span>\n\t\t\t\t<span class=\"mkdf-pt-mark\" >\u041c\u0430\u0441\u0442\u0435\u0440 \u041c\u0438\u0433\u043b\u0435<\/span>\n\t\t\t<\/li>\n\t\t\t<li class=\"mkdf-pt-content\">\n\t\t\t\t\t\t\t<\/li>\n\t\t\t\t\t\t\t<li class=\"mkdf-pt-button\">\n\t\t\t\t\t<a itemprop=\"url\" href=\"https:\/\/miglen.lt\/ru\/kontaktai\/\" target=\"_self\"  class=\"mkdf-btn mkdf-btn-large mkdf-btn-outline mkdf-btn-with-prefix\"  >    <span class=\"mkdf-btn-text\">\u0417\u0430\u0440\u0435\u0433\u0438\u0441\u0442\u0440\u0438\u0440\u0443\u0439\u0442\u0435\u0441\u044c \u043d\u0430 \u0441\u0430\u0439\u0442\u0435<\/span>    <\/a>\t\t\t\t<\/li>\n\t\t\t\t\t\t<li class=\"mkdf-pt-active-content\">\n\t\t\t\t<span class=\"mkdf-pt-active-text\"><\/span>\n\t\t\t<\/li>\n\t\t<\/ul>\n\t<\/div>\n<\/div><div class=\"mkdf-price-table mkdf-item-space\">\n\t<div class=\"mkdf-pt-inner\" >\n\t\t<ul>\n\t\t\t<li class=\"mkdf-pt-title-holder\">\n\t\t\t\t<span class=\"mkdf-pt-title\" >\u0418\u0441\u043f\u0440\u0430\u0432\u0438\u0442\u0435\u043b\u044c\u043d\u044b\u0435 \u0443\u0447\u0440\u0435\u0436\u0434\u0435\u043d\u0438\u044f<\/span>\n\t\t\t<\/li>\n\t\t\t<li class=\"mkdf-pt-prices\">\n\t\t\t\t<span class=\"mkdf-pt-value\" >\u20ac<\/span>\n\t\t\t\t<span class=\"mkdf-pt-price\" >70-100<\/span>\n\t\t\t\t<span class=\"mkdf-pt-mark\" ><\/span>\n\t\t\t<\/li>\n\t\t\t<li class=\"mkdf-pt-content\">\n\t\t\t\t<ul><li>\u0414\u043e 3 \u043c\u0435\u0441\u044f\u0446\u0435\u0432 70 \u20ac<\/li><li>\u0414\u043e 3-6 \u043c\u0435\u0441\u044f\u0446\u0435\u0432 90 \u20ac<\/li><li>\u0414\u043e 6-12 \u043c\u0435\u0441\u044f\u0446\u0435\u0432 100 \u20ac<\/li><\/ul>\t\t\t<\/li>\n\t\t\t\t\t\t\t<li class=\"mkdf-pt-button\">\n\t\t\t\t\t<a itemprop=\"url\" href=\"https:\/\/miglen.lt\/ru\/kontaktai\/\" target=\"_self\"  class=\"mkdf-btn mkdf-btn-large mkdf-btn-outline mkdf-btn-with-prefix\"  >    <span class=\"mkdf-btn-text\">\u0417\u0430\u0440\u0435\u0433\u0438\u0441\u0442\u0440\u0438\u0440\u0443\u0439\u0442\u0435\u0441\u044c \u043d\u0430 \u0441\u0430\u0439\u0442\u0435<\/span>    <\/a>\t\t\t\t<\/li>\n\t\t\t\t\t\t<li class=\"mkdf-pt-active-content\">\n\t\t\t\t<span class=\"mkdf-pt-active-text\"><\/span>\n\t\t\t<\/li>\n\t\t<\/ul>\n\t<\/div>\n<\/div><div class=\"mkdf-price-table mkdf-item-space\">\n\t<div class=\"mkdf-pt-inner\" >\n\t\t<ul>\n\t\t\t<li class=\"mkdf-pt-title-holder\">\n\t\t\t\t<span class=\"mkdf-pt-title\" >\u041f\u0435\u0440\u043c\u0430\u043d\u0435\u043d\u0442\u043d\u044b\u0439 \u043c\u0430\u043a\u0438\u044f\u0436 \u0431\u0440\u043e\u0432\u0435\u0439<\/span>\n\t\t\t<\/li>\n\t\t\t<li class=\"mkdf-pt-prices\">\n\t\t\t\t<span class=\"mkdf-pt-value\" >\u20ac<\/span>\n\t\t\t\t<span class=\"mkdf-pt-price\" >160<\/span>\n\t\t\t\t<span class=\"mkdf-pt-mark\" >\u041c\u0430\u0441\u0442\u0435\u0440 \u0413\u0430\u0431\u0440\u0438\u044d\u043b\u044c<\/span>\n\t\t\t<\/li>\n\t\t\t<li class=\"mkdf-pt-content\">\n\t\t\t\t\t\t\t<\/li>\n\t\t\t\t\t\t\t<li class=\"mkdf-pt-button\">\n\t\t\t\t\t<a itemprop=\"url\" href=\"https:\/\/miglen.lt\/ru\/kontaktai\/\" target=\"_self\"  class=\"mkdf-btn mkdf-btn-large mkdf-btn-outline mkdf-btn-with-prefix\"  >    <span class=\"mkdf-btn-text\">\u0417\u0430\u0440\u0435\u0433\u0438\u0441\u0442\u0440\u0438\u0440\u0443\u0439\u0442\u0435\u0441\u044c \u043d\u0430 \u0441\u0430\u0439\u0442\u0435<\/span>    <\/a>\t\t\t\t<\/li>\n\t\t\t\t\t\t<li class=\"mkdf-pt-active-content\">\n\t\t\t\t<span class=\"mkdf-pt-active-text\"><\/span>\n\t\t\t<\/li>\n\t\t<\/ul>\n\t<\/div>\n<\/div>\n            <\/div>\n        <\/div>\n\n        \t\t\t\t<\/div>\n\t\t\t\t<\/div>\n\t\t\t\t\t<\/div>\n\t\t<\/div>\n\t\t\t\t\t<\/div>\n\t\t<\/section>\n\t\t\t\t<\/div>","protected":false},"excerpt":{"rendered":"<p>\u0426\u0435\u043d\u0430 \u0421\u0442\u043e\u0438\u043c\u043e\u0441\u0442\u044c \u0443\u0441\u043b\u0443\u0433 \u0426\u0435\u043d\u0430 \u041f\u0435\u0440\u043c\u0430\u043d\u0435\u043d\u0442\u043d\u044b\u0439 \u043c\u0430\u043a\u0438\u044f\u0436 \u0433\u0443\u0431 \u041f\u0435\u0440\u043c\u0430\u043d\u0435\u043d\u0442\u043d\u044b\u0439 \u043c\u0430\u043a\u0438\u044f\u0436 \u0433\u0443\u0431 \u20ac 250 \u041c\u0430\u0441\u0442\u0435\u0440 Migl\u0117 \u0420\u0435\u0433\u0438\u0441\u0442\u0440\u0430\u0446\u0438\u044f \u041a\u043e\u0440\u0440\u0435\u043a\u0446\u0438\u0438 \u20ac 70-100 \u0414\u043e 3 \u043c\u0435\u0441\u044f\u0446\u0435\u0432 \u20ac 70 \u0414\u043e 3-6 \u043c\u0435\u0441\u044f\u0446\u0435\u0432 \u20ac 90 \u0414\u043e 6-12 \u043c\u0435\u0441\u044f\u0446\u0435\u0432 \u20ac 100 \u0414\u043e 6-12 \u043c\u0435\u0441\u044f\u0446\u0435\u0432 \u20ac 100 \u0420\u0435\u0433\u0438\u0441\u0442\u0440\u0430\u0446\u0438\u044f \u041f\u0435\u0440\u043c\u0430\u043d\u0435\u043d\u0442\u043d\u044b\u0439 \u043c\u0430\u043a\u0438\u044f\u0436 \u0433\u0443\u0431 \u20ac 160 \u041c\u0430\u0441\u0442\u0435\u0440 [...]...<\/p>","protected":false},"author":1,"featured_media":0,"parent":0,"menu_order":0,"comment_status":"closed","ping_status":"closed","template":"elementor_header_footer","meta":{"footnotes":""},"class_list":["post-5376","page","type-page","status-publish","hentry"],"aioseo_notices":[],"yoast_head":"<!-- This site is optimized with the Yoast SEO plugin v25.9 - https:\/\/yoast.com\/wordpress\/plugins\/seo\/ -->\n<title>Kaina - Miglen<\/title>\n<meta name=\"robots\" content=\"index, follow, max-snippet:-1, max-image-preview:large, max-video-preview:-1\" \/>\n<link rel=\"canonical\" href=\"https:\/\/miglen.lt\/ru\/kaina\/\" \/>\n<meta property=\"og:locale\" content=\"ru_RU\" \/>\n<meta property=\"og:type\" content=\"article\" \/>\n<meta property=\"og:title\" content=\"Kaina - Miglen\" \/>\n<meta property=\"og:description\" content=\"Kaina Paslaug\u0173 kainodara Kaina L\u016bp\u0173 ilgalaikis makia\u017eas L\u016bp\u0173 ilgalaikis makia\u017eas \u20ac 250 Meistr\u0117 Migl\u0117 Registruotis Korekcijos \u20ac 70-100 Iki 3 m\u0117nesi\u0173 70 \u20ac Iki 3-6 m\u0117nesi\u0173 90 \u20ac Iki 6-12 m\u0117nesi\u0173 100 \u20ac Registruotis L\u016bp\u0173 ilgalaikis makia\u017eas \u20ac 160 Meistr\u0117 [&hellip;]\" \/>\n<meta property=\"og:url\" content=\"https:\/\/miglen.lt\/ru\/kaina\/\" \/>\n<meta property=\"og:site_name\" content=\"Miglen\" \/>\n<meta property=\"article:modified_time\" content=\"2022-09-15T15:57:34+00:00\" \/>\n<meta name=\"twitter:card\" content=\"summary_large_image\" \/>\n<meta name=\"twitter:label1\" content=\"\u041f\u0440\u0438\u043c\u0435\u0440\u043d\u043e\u0435 \u0432\u0440\u0435\u043c\u044f \u0434\u043b\u044f \u0447\u0442\u0435\u043d\u0438\u044f\" \/>\n\t<meta name=\"twitter:data1\" content=\"1 \u043c\u0438\u043d\u0443\u0442\u0430\" \/>\n<script type=\"application\/ld+json\" class=\"yoast-schema-graph\">{\"@context\":\"https:\/\/schema.org\",\"@graph\":[{\"@type\":\"WebPage\",\"@id\":\"https:\/\/miglen.lt\/kaina\/\",\"url\":\"https:\/\/miglen.lt\/kaina\/\",\"name\":\"Kaina - Miglen\",\"isPartOf\":{\"@id\":\"https:\/\/miglen.lt\/#website\"},\"datePublished\":\"2022-07-19T19:31:50+00:00\",\"dateModified\":\"2022-09-15T15:57:34+00:00\",\"breadcrumb\":{\"@id\":\"https:\/\/miglen.lt\/kaina\/#breadcrumb\"},\"inLanguage\":\"ru-RU\",\"potentialAction\":[{\"@type\":\"ReadAction\",\"target\":[\"https:\/\/miglen.lt\/kaina\/\"]}]},{\"@type\":\"BreadcrumbList\",\"@id\":\"https:\/\/miglen.lt\/kaina\/#breadcrumb\",\"itemListElement\":[{\"@type\":\"ListItem\",\"position\":1,\"name\":\"Home\",\"item\":\"https:\/\/miglen.lt\/\"},{\"@type\":\"ListItem\",\"position\":2,\"name\":\"Kaina\"}]},{\"@type\":\"WebSite\",\"@id\":\"https:\/\/miglen.lt\/#website\",\"url\":\"https:\/\/miglen.lt\/\",\"name\":\"Miglen\",\"description\":\"Miglen - Beauty\",\"publisher\":{\"@id\":\"https:\/\/miglen.lt\/#organization\"},\"potentialAction\":[{\"@type\":\"SearchAction\",\"target\":{\"@type\":\"EntryPoint\",\"urlTemplate\":\"https:\/\/miglen.lt\/?s={search_term_string}\"},\"query-input\":{\"@type\":\"PropertyValueSpecification\",\"valueRequired\":true,\"valueName\":\"search_term_string\"}}],\"inLanguage\":\"ru-RU\"},{\"@type\":\"Organization\",\"@id\":\"https:\/\/miglen.lt\/#organization\",\"name\":\"Miglen\",\"url\":\"https:\/\/miglen.lt\/\",\"logo\":{\"@type\":\"ImageObject\",\"inLanguage\":\"ru-RU\",\"@id\":\"https:\/\/miglen.lt\/#\/schema\/logo\/image\/\",\"url\":\"https:\/\/miglen.lt\/wp-content\/uploads\/2022\/06\/cropped-Asset-2@2x.png\",\"contentUrl\":\"https:\/\/miglen.lt\/wp-content\/uploads\/2022\/06\/cropped-Asset-2@2x.png\",\"width\":643,\"height\":279,\"caption\":\"Miglen\"},\"image\":{\"@id\":\"https:\/\/miglen.lt\/#\/schema\/logo\/image\/\"}}]}<\/script>\n<!-- \/ Yoast SEO plugin. -->","yoast_head_json":{"title":"Kaina - Miglen","robots":{"index":"index","follow":"follow","max-snippet":"max-snippet:-1","max-image-preview":"max-image-preview:large","max-video-preview":"max-video-preview:-1"},"canonical":"https:\/\/miglen.lt\/ru\/kaina\/","og_locale":"ru_RU","og_type":"article","og_title":"Kaina - Miglen","og_description":"Kaina Paslaug\u0173 kainodara Kaina L\u016bp\u0173 ilgalaikis makia\u017eas L\u016bp\u0173 ilgalaikis makia\u017eas \u20ac 250 Meistr\u0117 Migl\u0117 Registruotis Korekcijos \u20ac 70-100 Iki 3 m\u0117nesi\u0173 70 \u20ac Iki 3-6 m\u0117nesi\u0173 90 \u20ac Iki 6-12 m\u0117nesi\u0173 100 \u20ac Registruotis L\u016bp\u0173 ilgalaikis makia\u017eas \u20ac 160 Meistr\u0117 [&hellip;]","og_url":"https:\/\/miglen.lt\/ru\/kaina\/","og_site_name":"Miglen","article_modified_time":"2022-09-15T15:57:34+00:00","twitter_card":"summary_large_image","twitter_misc":{"\u041f\u0440\u0438\u043c\u0435\u0440\u043d\u043e\u0435 \u0432\u0440\u0435\u043c\u044f \u0434\u043b\u044f \u0447\u0442\u0435\u043d\u0438\u044f":"1 \u043c\u0438\u043d\u0443\u0442\u0430"},"schema":{"@context":"https:\/\/schema.org","@graph":[{"@type":"WebPage","@id":"https:\/\/miglen.lt\/kaina\/","url":"https:\/\/miglen.lt\/kaina\/","name":"Kaina - Miglen","isPartOf":{"@id":"https:\/\/miglen.lt\/#website"},"datePublished":"2022-07-19T19:31:50+00:00","dateModified":"2022-09-15T15:57:34+00:00","breadcrumb":{"@id":"https:\/\/miglen.lt\/kaina\/#breadcrumb"},"inLanguage":"ru-RU","potentialAction":[{"@type":"ReadAction","target":["https:\/\/miglen.lt\/kaina\/"]}]},{"@type":"BreadcrumbList","@id":"https:\/\/miglen.lt\/kaina\/#breadcrumb","itemListElement":[{"@type":"ListItem","position":1,"name":"Home","item":"https:\/\/miglen.lt\/"},{"@type":"ListItem","position":2,"name":"Kaina"}]},{"@type":"WebSite","@id":"https:\/\/miglen.lt\/#website","url":"https:\/\/miglen.lt\/","name":"\u041c\u0438\u0433\u043b\u0435\u043d","description":"\u041c\u0438\u0433\u043b\u0435\u043d - \u043a\u0440\u0430\u0441\u043e\u0442\u0430","publisher":{"@id":"https:\/\/miglen.lt\/#organization"},"potentialAction":[{"@type":"SearchAction","target":{"@type":"EntryPoint","urlTemplate":"https:\/\/miglen.lt\/?s={search_term_string}"},"query-input":{"@type":"PropertyValueSpecification","valueRequired":true,"valueName":"search_term_string"}}],"inLanguage":"ru-RU"},{"@type":"Organization","@id":"https:\/\/miglen.lt\/#organization","name":"\u041c\u0438\u0433\u043b\u0435\u043d","url":"https:\/\/miglen.lt\/","logo":{"@type":"ImageObject","inLanguage":"ru-RU","@id":"https:\/\/miglen.lt\/#\/schema\/logo\/image\/","url":"https:\/\/miglen.lt\/wp-content\/uploads\/2022\/06\/cropped-Asset-2@2x.png","contentUrl":"https:\/\/miglen.lt\/wp-content\/uploads\/2022\/06\/cropped-Asset-2@2x.png","width":643,"height":279,"caption":"Miglen"},"image":{"@id":"https:\/\/miglen.lt\/#\/schema\/logo\/image\/"}}]}},"_links":{"self":[{"href":"https:\/\/miglen.lt\/ru\/wp-json\/wp\/v2\/pages\/5376","targetHints":{"allow":["GET"]}}],"collection":[{"href":"https:\/\/miglen.lt\/ru\/wp-json\/wp\/v2\/pages"}],"about":[{"href":"https:\/\/miglen.lt\/ru\/wp-json\/wp\/v2\/types\/page"}],"author":[{"embeddable":true,"href":"https:\/\/miglen.lt\/ru\/wp-json\/wp\/v2\/users\/1"}],"replies":[{"embeddable":true,"href":"https:\/\/miglen.lt\/ru\/wp-json\/wp\/v2\/comments?post=5376"}],"version-history":[{"count":8,"href":"https:\/\/miglen.lt\/ru\/wp-json\/wp\/v2\/pages\/5376\/revisions"}],"predecessor-version":[{"id":5581,"href":"https:\/\/miglen.lt\/ru\/wp-json\/wp\/v2\/pages\/5376\/revisions\/5581"}],"wp:attachment":[{"href":"https:\/\/miglen.lt\/ru\/wp-json\/wp\/v2\/media?parent=5376"}],"curies":[{"name":"wp","href":"https:\/\/api.w.org\/{rel}","templated":true}]}}