{"id":824,"date":"2019-08-12T12:52:55","date_gmt":"2019-08-12T12:52:55","guid":{"rendered":"https:\/\/biagiotti.qodeinteractive.com\/elementor\/?page_id=824"},"modified":"2024-11-07T13:07:29","modified_gmt":"2024-11-07T11:07:29","slug":"kontaktai","status":"publish","type":"page","link":"https:\/\/miglen.lt\/en\/kontaktai\/","title":{"rendered":"Contact"},"content":{"rendered":"<div data-elementor-type=\"wp-page\" data-elementor-id=\"824\" class=\"elementor elementor-824\">\n\t\t\t\t\t\t<section class=\"elementor-section elementor-top-section elementor-element elementor-element-c47740d elementor-section-full_width elementor-section-height-default elementor-section-height-default mkdf-parallax-row-no mkdf-content-aligment-left mkdf-row-grid-no mkdf-disabled-bg-image-bellow-no\" data-id=\"c47740d\" data-element_type=\"section\" data-settings=\"{&quot;background_background&quot;:&quot;classic&quot;}\">\n\t\t\t\t\t\t<div class=\"elementor-container elementor-column-gap-default\">\n\t\t\t\t\t<div class=\"elementor-column elementor-col-50 elementor-top-column elementor-element elementor-element-34f90b9\" data-id=\"34f90b9\" data-element_type=\"column\" data-settings=\"{&quot;background_background&quot;:&quot;classic&quot;}\">\n\t\t\t<div class=\"elementor-widget-wrap elementor-element-populated\">\n\t\t\t\t\t\t<div class=\"elementor-element elementor-element-2551353 elementor-widget elementor-widget-image\" data-id=\"2551353\" data-element_type=\"widget\" data-widget_type=\"image.default\">\n\t\t\t\t<div class=\"elementor-widget-container\">\n\t\t\t\t\t\t\t\t\t\t\t\t\t\t\t<img fetchpriority=\"high\" decoding=\"async\" width=\"300\" height=\"183\" src=\"https:\/\/miglen.lt\/wp-content\/uploads\/2022\/07\/Miglen1-300x183.png\" class=\"attachment-medium size-medium wp-image-5142\" alt=\"\" srcset=\"https:\/\/miglen.lt\/wp-content\/uploads\/2022\/07\/Miglen1-300x183.png 300w, https:\/\/miglen.lt\/wp-content\/uploads\/2022\/07\/Miglen1-1024x623.png 1024w, https:\/\/miglen.lt\/wp-content\/uploads\/2022\/07\/Miglen1-768x467.png 768w, https:\/\/miglen.lt\/wp-content\/uploads\/2022\/07\/Miglen1-1320x803.png 1320w, https:\/\/miglen.lt\/wp-content\/uploads\/2022\/07\/Miglen1.png 1338w\" sizes=\"(max-width: 300px) 100vw, 300px\" \/>\t\t\t\t\t\t\t\t\t\t\t\t\t\t\t<\/div>\n\t\t\t\t<\/div>\n\t\t\t\t<div class=\"elementor-element elementor-element-24a8361 elementor-widget elementor-widget-mkdf_section_title\" data-id=\"24a8361\" data-element_type=\"widget\" data-widget_type=\"mkdf_section_title.default\">\n\t\t\t\t<div class=\"elementor-widget-container\">\n\t\t\t\t\t<div class=\"mkdf-section-title-holder  mkdf-st-top-tagline-position\" >\n\t<div class=\"mkdf-st-inner\">\n\t\t\t\t\t\t\t<span class=\"mkdf-st-tagline\" style=\"color: #E5E5E5\">\n\t\t\t\tContact\t\t\t<\/span>\n\t\t\t\t\t\t\t<h2 class=\"mkdf-st-title\" >\n\t\t\t\tIf you have any questions\t\t\t<\/h2>\n\t\t\t\t\t\t\t<h5 class=\"mkdf-st-subtitle\" >\n\t\t\t\tFill in the form below and we will contact you!\t\t\t<\/h5>\n\t\t\t\t\t\t\t\t\t\t\t<\/div>\n<\/div>\t\t\t\t<\/div>\n\t\t\t\t<\/div>\n\t\t\t\t<div class=\"elementor-element elementor-element-2dd3933 elementor-widget elementor-widget-mkdf_cf7\" data-id=\"2dd3933\" data-element_type=\"widget\" data-widget_type=\"mkdf_cf7.default\">\n\t\t\t\t<div class=\"elementor-widget-container\">\n\t\t\t\t\t    \n<div class=\"wpcf7 no-js\" id=\"wpcf7-f3051-o1\" lang=\"en-US\" dir=\"ltr\" data-wpcf7-id=\"3051\">\n<div class=\"screen-reader-response\"><p role=\"status\" aria-live=\"polite\" aria-atomic=\"true\"><\/p> <ul><\/ul><\/div>\n<form action=\"\/en\/wp-json\/wp\/v2\/pages\/824#wpcf7-f3051-o1\" method=\"post\" class=\"wpcf7-form init cf7_custom_style_2\" aria-label=\"Contact form\" novalidate=\"novalidate\" data-status=\"init\" data-trp-original-action=\"\/en\/wp-json\/wp\/v2\/pages\/824#wpcf7-f3051-o1\">\n<fieldset class=\"hidden-fields-container\"><input type=\"hidden\" name=\"_wpcf7\" value=\"3051\" \/><input type=\"hidden\" name=\"_wpcf7_version\" value=\"6.1.1\" \/><input type=\"hidden\" name=\"_wpcf7_locale\" value=\"en_US\" \/><input type=\"hidden\" name=\"_wpcf7_unit_tag\" value=\"wpcf7-f3051-o1\" \/><input type=\"hidden\" name=\"_wpcf7_container_post\" value=\"0\" \/><input type=\"hidden\" name=\"_wpcf7_posted_data_hash\" value=\"\" \/>\n<\/fieldset>\n<span class=\"wpcf7-form-control-wrap\" data-name=\"text-106\"><input size=\"40\" maxlength=\"400\" class=\"wpcf7-form-control wpcf7-text wpcf7-validates-as-required\" aria-required=\"true\" aria-invalid=\"false\" placeholder=\"Your name\" value=\"\" type=\"text\" name=\"text-106\" \/><\/span>\n\n<span class=\"wpcf7-form-control-wrap\" data-name=\"your-email\"><input size=\"40\" maxlength=\"400\" class=\"wpcf7-form-control wpcf7-email wpcf7-validates-as-required wpcf7-text wpcf7-validates-as-email\" aria-required=\"true\" aria-invalid=\"false\" placeholder=\"Email*\" value=\"\" type=\"email\" name=\"your-email\" \/><\/span>\n\n<span class=\"wpcf7-form-control-wrap\" data-name=\"tel-189\"><input size=\"40\" maxlength=\"400\" class=\"wpcf7-form-control wpcf7-tel wpcf7-validates-as-required wpcf7-text wpcf7-validates-as-tel\" aria-required=\"true\" aria-invalid=\"false\" placeholder=\"Tel No.*\" value=\"\" type=\"tel\" name=\"tel-189\" \/><\/span>\n\n<span class=\"wpcf7-form-control-wrap\" data-name=\"your-message\"><textarea cols=\"40\" rows=\"10\" maxlength=\"2000\" class=\"wpcf7-form-control wpcf7-textarea\" aria-invalid=\"false\" placeholder=\"Your message\" name=\"your-message\"><\/textarea><\/span>\n\n<div><button type=\"submit\" class=\"wpcf7-form-control wpcf7-submit mkdf-btn mkdf-btn-default\"><span class=\"mkdf-btn-text\">Contact<\/span><\/button><\/div><div class=\"wpcf7-response-output\" aria-hidden=\"true\"><\/div>\n<input type=\"hidden\" name=\"trp-form-language\" value=\"en\"\/><\/form>\n<\/div>\n\t\t\t\t<\/div>\n\t\t\t\t<\/div>\n\t\t\t\t<div class=\"elementor-element elementor-element-598d5ea elementor-hidden-desktop elementor-hidden-tablet elementor-hidden-mobile elementor-widget elementor-widget-html\" data-id=\"598d5ea\" data-element_type=\"widget\" data-widget_type=\"html.default\">\n\t\t\t\t<div class=\"elementor-widget-container\">\n\t\t\t\t\t<script>\n  document.addEventListener('DOMContentLoaded', function() {\n    document.addEventListener('wpcf7mailsent', function(event) {\n      window.dataLayer = window.dataLayer || [];\n      window.dataLayer.push({\n        'event': 'kontaktu_forma'\n      });\n    }, false);\n  });\n<\/script>\t\t\t\t<\/div>\n\t\t\t\t<\/div>\n\t\t\t\t\t<\/div>\n\t\t<\/div>\n\t\t\t\t<div class=\"elementor-column elementor-col-50 elementor-top-column elementor-element elementor-element-1912fdd\" data-id=\"1912fdd\" data-element_type=\"column\">\n\t\t\t<div class=\"elementor-widget-wrap elementor-element-populated\">\n\t\t\t\t\t\t<div class=\"elementor-element elementor-element-7f457a2 elementor-widget elementor-widget-google_maps\" data-id=\"7f457a2\" data-element_type=\"widget\" data-widget_type=\"google_maps.default\">\n\t\t\t\t<div class=\"elementor-widget-container\">\n\t\t\t\t\t\t\t<div class=\"elementor-custom-embed\">\n\t\t\t<iframe loading=\"lazy\"\n\t\t\t\t\tsrc=\"https:\/\/maps.google.com\/maps?q=Kuos%C5%B3%20g.%209%2C%20Vilnius%2010311&#038;t=m&#038;z=10&#038;output=embed&#038;iwloc=near\"\n\t\t\t\t\ttitle=\"Kuos\u0173 g. 9, Vilnius 10311\"\n\t\t\t\t\taria-label=\"Kuos\u0173 g. 9, Vilnius 10311\"\n\t\t\t><\/iframe>\n\t\t<\/div>\n\t\t\t\t\t\t<\/div>\n\t\t\t\t<\/div>\n\t\t\t\t<section class=\"elementor-section elementor-inner-section elementor-element elementor-element-78503cd mkdf-row-grid-section elementor-section-boxed elementor-section-height-default elementor-section-height-default mkdf-parallax-row-no mkdf-content-aligment-left mkdf-disabled-bg-image-bellow-no\" data-id=\"78503cd\" data-element_type=\"section\" data-settings=\"{&quot;background_background&quot;:&quot;classic&quot;}\">\n\t\t\t\t\t\t<div class=\"elementor-container elementor-column-gap-default\">\n\t\t\t\t\t<div class=\"elementor-column elementor-col-100 elementor-inner-column elementor-element elementor-element-b28586c\" data-id=\"b28586c\" data-element_type=\"column\" data-settings=\"{&quot;background_background&quot;:&quot;classic&quot;}\">\n\t\t\t<div class=\"elementor-widget-wrap elementor-element-populated\">\n\t\t\t\t\t\t<div class=\"elementor-element elementor-element-0228f38 elementor-widget elementor-widget-text-editor\" data-id=\"0228f38\" data-element_type=\"widget\" data-widget_type=\"text-editor.default\">\n\t\t\t\t<div class=\"elementor-widget-container\">\n\t\t\t\t\t\t\t\t\t<h4 style=\"text-align: center;\">Vilnius<\/h4>\t\t\t\t\t\t\t\t<\/div>\n\t\t\t\t<\/div>\n\t\t\t\t<div class=\"elementor-element elementor-element-7f80664 mkdf-link-colors-inverted elementor-widget elementor-widget-text-editor\" data-id=\"7f80664\" data-element_type=\"widget\" data-widget_type=\"text-editor.default\">\n\t\t\t\t<div class=\"elementor-widget-container\">\n\t\t\t\t\t\t\t\t\t<p>Address: Kuos\u0173 g. 9, Vilnius 10311<br \/>Tel. No.:\u00a0<span aria-label=\"Call (8-662) 55025\">(8-662) 55025<br \/>E-mail: info@miglen.lt<\/span><\/p><p>\u00a0<\/p>\t\t\t\t\t\t\t\t<\/div>\n\t\t\t\t<\/div>\n\t\t\t\t\t<\/div>\n\t\t<\/div>\n\t\t\t\t\t<\/div>\n\t\t<\/section>\n\t\t\t\t\t<\/div>\n\t\t<\/div>\n\t\t\t\t\t<\/div>\n\t\t<\/section>\n\t\t\t\t<section class=\"elementor-section elementor-top-section elementor-element elementor-element-0964260 elementor-section-boxed elementor-section-height-default elementor-section-height-default mkdf-parallax-row-no mkdf-content-aligment-left mkdf-row-grid-no mkdf-disabled-bg-image-bellow-no\" data-id=\"0964260\" data-element_type=\"section\">\n\t\t\t\t\t\t<div class=\"elementor-container elementor-column-gap-default\">\n\t\t\t\t\t<div class=\"elementor-column elementor-col-100 elementor-top-column elementor-element elementor-element-679e039\" data-id=\"679e039\" data-element_type=\"column\">\n\t\t\t<div class=\"elementor-widget-wrap elementor-element-populated\">\n\t\t\t\t\t\t<div class=\"elementor-element elementor-element-d542ba0 elementor-widget elementor-widget-spacer\" data-id=\"d542ba0\" data-element_type=\"widget\" data-widget_type=\"spacer.default\">\n\t\t\t\t<div class=\"elementor-widget-container\">\n\t\t\t\t\t\t\t<div class=\"elementor-spacer\">\n\t\t\t<div class=\"elementor-spacer-inner\"><\/div>\n\t\t<\/div>\n\t\t\t\t\t\t<\/div>\n\t\t\t\t<\/div>\n\t\t\t\t\t<\/div>\n\t\t<\/div>\n\t\t\t\t\t<\/div>\n\t\t<\/section>\n\t\t\t\t<\/div>","protected":false},"excerpt":{"rendered":"<p>Susisiekite Jei turite klausim\u0173 U\u017epildykite form\u0105 \u017eemiau ir mes su Jumis susisieksime! Si\u0173sti Vilnius Adresas: Kuos\u0173 g. 9, Vilnius 10311Tel. Nr.:\u00a0(8-662) 55025El. p. info@miglen.lt \u00a0<\/p>","protected":false},"author":1,"featured_media":0,"parent":0,"menu_order":0,"comment_status":"closed","ping_status":"closed","template":"full-width.php","meta":{"footnotes":""},"class_list":["post-824","page","type-page","status-publish","hentry"],"aioseo_notices":[],"yoast_head":"<!-- This site is optimized with the Yoast SEO plugin v25.9 - https:\/\/yoast.com\/wordpress\/plugins\/seo\/ -->\n<title>Kontaktai - Miglen<\/title>\n<meta name=\"robots\" content=\"index, follow, max-snippet:-1, max-image-preview:large, max-video-preview:-1\" \/>\n<link rel=\"canonical\" href=\"https:\/\/miglen.lt\/en\/kontaktai\/\" \/>\n<meta property=\"og:locale\" content=\"en_US\" \/>\n<meta property=\"og:type\" content=\"article\" \/>\n<meta property=\"og:title\" content=\"Kontaktai - Miglen\" \/>\n<meta property=\"og:description\" content=\"Susisiekite Jei turite klausim\u0173 U\u017epildykite form\u0105 \u017eemiau ir mes su Jumis susisieksime! Si\u0173sti Vilnius Adresas: Kuos\u0173 g. 9, Vilnius 10311Tel. Nr.:\u00a0(8-662) 55025El. p. info@miglen.lt \u00a0\" \/>\n<meta property=\"og:url\" content=\"https:\/\/miglen.lt\/en\/kontaktai\/\" \/>\n<meta property=\"og:site_name\" content=\"Miglen\" \/>\n<meta property=\"article:modified_time\" content=\"2024-11-07T11:07:29+00:00\" \/>\n<meta property=\"og:image\" content=\"https:\/\/miglen.lt\/wp-content\/uploads\/2022\/07\/Miglen1-300x183.png\" \/>\n<meta name=\"twitter:card\" content=\"summary_large_image\" \/>\n<meta name=\"twitter:label1\" content=\"Est. reading time\" \/>\n\t<meta name=\"twitter:data1\" content=\"1 minute\" \/>\n<script type=\"application\/ld+json\" class=\"yoast-schema-graph\">{\"@context\":\"https:\/\/schema.org\",\"@graph\":[{\"@type\":\"WebPage\",\"@id\":\"https:\/\/miglen.lt\/kontaktai\/\",\"url\":\"https:\/\/miglen.lt\/kontaktai\/\",\"name\":\"Kontaktai - Miglen\",\"isPartOf\":{\"@id\":\"https:\/\/miglen.lt\/#website\"},\"primaryImageOfPage\":{\"@id\":\"https:\/\/miglen.lt\/kontaktai\/#primaryimage\"},\"image\":{\"@id\":\"https:\/\/miglen.lt\/kontaktai\/#primaryimage\"},\"thumbnailUrl\":\"https:\/\/miglen.lt\/wp-content\/uploads\/2022\/07\/Miglen1-300x183.png\",\"datePublished\":\"2019-08-12T12:52:55+00:00\",\"dateModified\":\"2024-11-07T11:07:29+00:00\",\"breadcrumb\":{\"@id\":\"https:\/\/miglen.lt\/kontaktai\/#breadcrumb\"},\"inLanguage\":\"en-US\",\"potentialAction\":[{\"@type\":\"ReadAction\",\"target\":[\"https:\/\/miglen.lt\/kontaktai\/\"]}]},{\"@type\":\"ImageObject\",\"inLanguage\":\"en-US\",\"@id\":\"https:\/\/miglen.lt\/kontaktai\/#primaryimage\",\"url\":\"https:\/\/miglen.lt\/wp-content\/uploads\/2022\/07\/Miglen1-300x183.png\",\"contentUrl\":\"https:\/\/miglen.lt\/wp-content\/uploads\/2022\/07\/Miglen1-300x183.png\"},{\"@type\":\"BreadcrumbList\",\"@id\":\"https:\/\/miglen.lt\/kontaktai\/#breadcrumb\",\"itemListElement\":[{\"@type\":\"ListItem\",\"position\":1,\"name\":\"Home\",\"item\":\"https:\/\/miglen.lt\/\"},{\"@type\":\"ListItem\",\"position\":2,\"name\":\"Kontaktai\"}]},{\"@type\":\"WebSite\",\"@id\":\"https:\/\/miglen.lt\/#website\",\"url\":\"https:\/\/miglen.lt\/\",\"name\":\"Miglen\",\"description\":\"Miglen - Beauty\",\"publisher\":{\"@id\":\"https:\/\/miglen.lt\/#organization\"},\"potentialAction\":[{\"@type\":\"SearchAction\",\"target\":{\"@type\":\"EntryPoint\",\"urlTemplate\":\"https:\/\/miglen.lt\/?s={search_term_string}\"},\"query-input\":{\"@type\":\"PropertyValueSpecification\",\"valueRequired\":true,\"valueName\":\"search_term_string\"}}],\"inLanguage\":\"en-US\"},{\"@type\":\"Organization\",\"@id\":\"https:\/\/miglen.lt\/#organization\",\"name\":\"Miglen\",\"url\":\"https:\/\/miglen.lt\/\",\"logo\":{\"@type\":\"ImageObject\",\"inLanguage\":\"en-US\",\"@id\":\"https:\/\/miglen.lt\/#\/schema\/logo\/image\/\",\"url\":\"https:\/\/miglen.lt\/wp-content\/uploads\/2022\/06\/cropped-Asset-2@2x.png\",\"contentUrl\":\"https:\/\/miglen.lt\/wp-content\/uploads\/2022\/06\/cropped-Asset-2@2x.png\",\"width\":643,\"height\":279,\"caption\":\"Miglen\"},\"image\":{\"@id\":\"https:\/\/miglen.lt\/#\/schema\/logo\/image\/\"}}]}<\/script>\n<!-- \/ Yoast SEO plugin. -->","yoast_head_json":{"title":"Kontaktai - Miglen","robots":{"index":"index","follow":"follow","max-snippet":"max-snippet:-1","max-image-preview":"max-image-preview:large","max-video-preview":"max-video-preview:-1"},"canonical":"https:\/\/miglen.lt\/en\/kontaktai\/","og_locale":"en_US","og_type":"article","og_title":"Kontaktai - Miglen","og_description":"Susisiekite Jei turite klausim\u0173 U\u017epildykite form\u0105 \u017eemiau ir mes su Jumis susisieksime! Si\u0173sti Vilnius Adresas: Kuos\u0173 g. 9, Vilnius 10311Tel. Nr.:\u00a0(8-662) 55025El. p. info@miglen.lt \u00a0","og_url":"https:\/\/miglen.lt\/en\/kontaktai\/","og_site_name":"Miglen","article_modified_time":"2024-11-07T11:07:29+00:00","og_image":[{"url":"https:\/\/miglen.lt\/wp-content\/uploads\/2022\/07\/Miglen1-300x183.png","type":"","width":"","height":""}],"twitter_card":"summary_large_image","twitter_misc":{"Est. reading time":"1 minute"},"schema":{"@context":"https:\/\/schema.org","@graph":[{"@type":"WebPage","@id":"https:\/\/miglen.lt\/kontaktai\/","url":"https:\/\/miglen.lt\/kontaktai\/","name":"Kontaktai - Miglen","isPartOf":{"@id":"https:\/\/miglen.lt\/#website"},"primaryImageOfPage":{"@id":"https:\/\/miglen.lt\/kontaktai\/#primaryimage"},"image":{"@id":"https:\/\/miglen.lt\/kontaktai\/#primaryimage"},"thumbnailUrl":"https:\/\/miglen.lt\/wp-content\/uploads\/2022\/07\/Miglen1-300x183.png","datePublished":"2019-08-12T12:52:55+00:00","dateModified":"2024-11-07T11:07:29+00:00","breadcrumb":{"@id":"https:\/\/miglen.lt\/kontaktai\/#breadcrumb"},"inLanguage":"en-US","potentialAction":[{"@type":"ReadAction","target":["https:\/\/miglen.lt\/kontaktai\/"]}]},{"@type":"ImageObject","inLanguage":"en-US","@id":"https:\/\/miglen.lt\/kontaktai\/#primaryimage","url":"https:\/\/miglen.lt\/wp-content\/uploads\/2022\/07\/Miglen1-300x183.png","contentUrl":"https:\/\/miglen.lt\/wp-content\/uploads\/2022\/07\/Miglen1-300x183.png"},{"@type":"BreadcrumbList","@id":"https:\/\/miglen.lt\/kontaktai\/#breadcrumb","itemListElement":[{"@type":"ListItem","position":1,"name":"Home","item":"https:\/\/miglen.lt\/"},{"@type":"ListItem","position":2,"name":"Kontaktai"}]},{"@type":"WebSite","@id":"https:\/\/miglen.lt\/#website","url":"https:\/\/miglen.lt\/","name":"Miglen","description":"Miglen - Beauty","publisher":{"@id":"https:\/\/miglen.lt\/#organization"},"potentialAction":[{"@type":"SearchAction","target":{"@type":"EntryPoint","urlTemplate":"https:\/\/miglen.lt\/?s={search_term_string}"},"query-input":{"@type":"PropertyValueSpecification","valueRequired":true,"valueName":"search_term_string"}}],"inLanguage":"en-US"},{"@type":"Organization","@id":"https:\/\/miglen.lt\/#organization","name":"Miglen","url":"https:\/\/miglen.lt\/","logo":{"@type":"ImageObject","inLanguage":"en-US","@id":"https:\/\/miglen.lt\/#\/schema\/logo\/image\/","url":"https:\/\/miglen.lt\/wp-content\/uploads\/2022\/06\/cropped-Asset-2@2x.png","contentUrl":"https:\/\/miglen.lt\/wp-content\/uploads\/2022\/06\/cropped-Asset-2@2x.png","width":643,"height":279,"caption":"Miglen"},"image":{"@id":"https:\/\/miglen.lt\/#\/schema\/logo\/image\/"}}]}},"_links":{"self":[{"href":"https:\/\/miglen.lt\/en\/wp-json\/wp\/v2\/pages\/824","targetHints":{"allow":["GET"]}}],"collection":[{"href":"https:\/\/miglen.lt\/en\/wp-json\/wp\/v2\/pages"}],"about":[{"href":"https:\/\/miglen.lt\/en\/wp-json\/wp\/v2\/types\/page"}],"author":[{"embeddable":true,"href":"https:\/\/miglen.lt\/en\/wp-json\/wp\/v2\/users\/1"}],"replies":[{"embeddable":true,"href":"https:\/\/miglen.lt\/en\/wp-json\/wp\/v2\/comments?post=824"}],"version-history":[{"count":12,"href":"https:\/\/miglen.lt\/en\/wp-json\/wp\/v2\/pages\/824\/revisions"}],"predecessor-version":[{"id":5884,"href":"https:\/\/miglen.lt\/en\/wp-json\/wp\/v2\/pages\/824\/revisions\/5884"}],"wp:attachment":[{"href":"https:\/\/miglen.lt\/en\/wp-json\/wp\/v2\/media?parent=824"}],"curies":[{"name":"wp","href":"https:\/\/api.w.org\/{rel}","templated":true}]}}